{"id":264,"date":"2018-04-25T10:51:50","date_gmt":"2018-04-25T08:51:50","guid":{"rendered":"http:\/\/www.atcrm1.it\/wp\/?page_id=264"},"modified":"2025-10-28T17:23:54","modified_gmt":"2025-10-28T16:23:54","slug":"selezione","status":"publish","type":"page","link":"https:\/\/idratools.org\/atcrm1\/selezione\/","title":{"rendered":"Caccia di selezione e controllo"},"content":{"rendered":"<h3>Normativa<\/h3>\n<pre><strong>Deliberazione 2 agosto 2018, n. 460<\/strong>\r\nL.R. n. 17\/95, art. 34 comma 2, art. 35 comma 5 - Disciplina per la gestione faunistica e per la caccia di selezione degli ungulati. [ <a href=\"https:\/\/www.atcrm1.it\/wp\/wp-content\/uploads\/2019\/04\/disciplina-per-la-gestione-faunistica-e-per-la-caccia-di-selezione-degli-ungulati.pdf\">pdf<\/a> ]<\/pre>\n<pre>P.R.I.U.\r\n- <strong>DGR 1000 del 22\/11\/2024 <\/strong>Piano regionale di interventi urgenti per la gestione, il controllo e l\u2019eradicazione della Peste Suina Africana (PRIU). Anni 2025-2029. (<a href=\"https:\/\/www.atcrm1.it\/wp\/wp-content\/uploads\/2025\/02\/DGR-1000_2024.pdf\">PDF<\/a>)\r\n- <strong>Modifica<\/strong> <strong>DGR 1000 del 22\/11\/2024. <\/strong>(<strong><a href=\"https:\/\/www.atcrm1.it\/wp\/wp-content\/uploads\/2025\/04\/Deliberazione-15-aprile-2025-n.-226_modifica-priu.pdf\">PDF<\/a><\/strong>)<\/pre>\n<pre>- <strong>Disciplinare interno caccia di selezione cinghiale<\/strong> 24 luglio 2025(aggiornato per parziale precisazione del testo <a href=\"https:\/\/www.atcrm1.it\/wp\/wp-content\/uploads\/2025\/07\/disciplinare-interno-selezione-cinghiale-atcrm1-_-24-07-2025-1-1.pdf\">download<\/a>)<\/pre>\n<pre><strong>DGR 563 del 14 luglio 2022<\/strong> \r\nPeste Suina Africana nella Regione Lazio. Risorse a favore degli ATC, per contribuire alle attivit\u00e0 di gestione, controllo ed eradicazione della malattia nella specie cinghiale e modifiche alla D.G.R. n. 460 del 02.08.2018.(<a href=\"https:\/\/www.atcrm1.it\/wp\/wp-content\/uploads\/2022\/08\/DGR-selezione-caccia-cinghiale_563-del-14-luglio-2022.pdf\">pdf<\/a>)\r\n<\/pre>\n<pre><i>DGR 650 del 28\/07\/2022\r\nPiano Regionale Interventi Urgenti per la gestione, il controllo e l\u2019eradicazione della peste suina africana nella specie cinghiale (PRIU), di cui alla D.G.R. n. 440\/2022. Adeguamento del Piano ai pareri di ISPRA Triennio 2022 - 2024 (<a href=\"https:\/\/www.atcrm1.it\/wp\/wp-content\/uploads\/2022\/08\/DGR-650-28_07_2022.pdf\">pdf<\/a>)<\/i><\/pre>\n<hr \/>\n<p>Al fine di attivare interventi di controllo della specie cinghiale (PRIU) in occasione di danni alle colture agricole, invitiamo gli agricoltori a segnalare tempestivamente la presenza di cinghiali nel territorio di competenza dell\u2019ATC.<\/p>\n<p>Per facilitare la segnalazione, mettiamo a disposizione un modulo apposito, che pu\u00f2 essere compilato e inviato all\u2019indirizzo e-mail:\u00a0<a><strong>info@atcrm1.it<\/strong><\/a>.<\/p>\n<p><a href=\"https:\/\/www.atcrm1.it\/wp\/wp-content\/uploads\/2025\/02\/PRIU-DGR-10002024_MOD-A_modulo-segnalazione-presenza-cinghiali.docx\">MODULO<\/a>\u00a0(PDF)<\/p>\n<p>&nbsp;<\/p>\n<hr \/>\n<div>\n<h3>SELEZIONE CINGHIALE &#8211; STAGIONE 2025<\/h3>\n<p><a href=\"https:\/\/www.atcrm1.it\/wp\/wp-content\/uploads\/2025\/04\/Determinazione-Piano-selezione-cinghiale-ATCRM1-2025-003.pdf\">Determinazione Piano selezione cinghiale ATCRM1 2025<\/a> (PDF)<\/p>\n<p>Elenchi selecontrollori ammessi ai distretti di selezione cinghiale (agg. 29 aprile 2025)<\/p>\n<p><a href=\"https:\/\/www.atcrm1.it\/wp\/wp-content\/uploads\/2025\/04\/DISTRETTO-A.pdf\">DISTRETTO A<\/a> &#8211; <a href=\"https:\/\/www.atcrm1.it\/wp\/wp-content\/uploads\/2025\/04\/DISTRETTO-B-.pdf\">DISTRETTO B<\/a> &#8211; <a href=\"https:\/\/www.atcrm1.it\/wp\/wp-content\/uploads\/2025\/04\/DISTRETTO-C.pdf\">DISTRETTO C<\/a><\/p>\n<table style=\"height: 294px;\" width=\"601\">\n<tbody>\n<tr>\n<td>Comuni<\/td>\n<td><strong>Distretto A<\/strong><\/p>\n<p><em>Allumiere, Anguillara Sabazia, Bracciano, Canale Monterano, Cerveteri,\u00a0 Civitavecchia, Ladispoli, Manziana, Santa Marinella, Tolfa, Trevignano<\/em><\/td>\n<td><strong>Distretto B<\/strong><\/p>\n<p><em>Capena, Castelnuovo di Porto, Civitella San Paolo, Fiano Romano, Filacciano, Magliano Romano, Mazzano Romano, Morlupo, Nazzano, Ponzano Romano, Riano, Rignano Flaminio, Sant&#8217;Oreste, Torrita Tiberina<\/em><\/td>\n<td style=\"text-align: center;\">\n<p><strong>Distretto C<\/strong><\/p>\n<p><em>Campagnano, Fiumicino, Formello, Roma, Sacrofano<\/em><\/p>\n<\/td>\n<\/tr>\n<\/tbody>\n<\/table>\n<p>Si ricorda a tutti i cacciatori selecontrollori della specie cinghiale, iscritti ai distretti dell&#8217;<span class=\"atcrm1\">ATC Rm1<\/span>, che entro il 15 marzo 2025 va effettuato un versamento di <strong>\u20ac 25,00 (venticinque\/00)<\/strong>\u00a0come quota di contributo al distretto di selezione per l\u2019anno 2025. Il pagamento deve essere effettuato sul conto corrente postale n\u00b0 1012737530, intestato a:<\/p>\n<p><b><span class=\"atcrm1\">Ambito Territoriale di Caccia Roma 1<\/span><\/b><b><\/b><\/p>\n<p>Viale Ratto delle Sabine 45, 00131 Roma<\/p>\n<p>Nella causale del versamento, indicare: \u201cselezione cinghiale RM1 2025\u201d.<\/p>\n<p>Dopo aver effettuato il pagamento, \u00e8 obbligatorio caricare la ricevuta sul proprio profilo della piattaforma Geohunter.<\/p>\n<p>Chi ha effettuato il versamento di euro 50,00 per la caccia di selezione (stagione 2025) verr\u00e0 rimborsato con bonifico su richiesta e comunicazione del proprio IBAN<\/p>\n<p>Si rammenta inoltre che la quota di ammissione all\u2019<span class=\"atcrm1\">ATC Rm1<\/span> come Residenza Venatoria per la stagione venatoria 2025\/2026 (per i cacciatori residenti nella Citt\u00e0 Metropolitana di Roma Capitale) \u00e8 fissata a \u20ac 32,00. Il versamento deve essere effettuato sul conto corrente postale n\u00b0 1012737530, intestato a:<\/p>\n<p><b><span class=\"atcrm1\">Ambito Territoriale di Caccia Roma 1<\/span><\/b><b><\/b><\/p>\n<p>Viale Ratto delle Sabine 45, 00131 Roma<\/p>\n<p>Nella causale del versamento, indicare: \u201ciscrizione <span class=\"atcrm1\">ATC Rm1<\/span> residenza venatoria 2025\/2026\u201d.<\/p>\n<p>Anche in questo caso, \u00e8 necessario caricare la ricevuta del pagamento sul proprio profilo della piattaforma Geohunter.<\/p>\n<\/div>\n<div><\/div>\n<hr \/>\n<p><a href=\"https:\/\/www.atcrm1.it\/wp\/wp-content\/uploads\/2023\/09\/20230831_203-5-42-64.pdf\">Ordinanza n. 5-2023 \u201cMisure di controllo ed eradicazione della peste suina africana.\u201d<\/a>\u00a0art .16<\/p>\n<ol>\n<li>\n<p class=\"p1\">I soggetti abilitati, ai sensi della legge n. 157 del 1992, al prelievo venatorio con specifica formazione in materia di biosicurezza e le figure autorizzate ai sensi del punto 2.5 dell\u2019Allegato I al decreto interministeriale del 13 giugno 2023, per il periodo di applicazione dei piani di eradicazione della peste suina africana e del Piano straordinario delle catture a livello nazionale e regionale, di cui all\u2019art. 2, comma 2, lettera b) del decreto-legge n. 9 del 2022, assumono la funzione di bioregolatori e possono iscriversi nell\u2019apposito Elenco nazionale dei Bioregolatori attivato nel portale dei Sistemi informativi veterinari \u2013 Vetinfo all\u2019indirizzo https:\/\/www.vetinfo.it\/p_servizi_csn\/#\/public\/inserisci_bioregolatori\/intro (<strong><a href=\"https:\/\/www.vetinfo.it\/p_servizi_csn\/#\/public\/inserisci_bioregolatori\/intro\" target=\"_blank\" rel=\"noopener\">clicca qui<\/a><\/strong>)\u2026omissis\u2026.<\/p>\n<\/li>\n<\/ol>\n<h3>STAGIONE 2023-2024<\/h3>\n<p>Pubblicata su BURL n. 88 del 2 novembre 2023<\/p>\n<p><a href=\"https:\/\/www.atcrm1.it\/wp\/wp-content\/uploads\/2023\/11\/2023-7526.pdf\">Determinazione 19 ottobre 20223, n. G13752 L. R. 17\/95 &#8211; DGR n. 460\/2018. Piano di assestamento faunistico-venatorio del cinghiale e proposta di prelievo in selezione nell&#8217;<span class=\"atcrm1\">Ambito Territoriale di Caccia Roma 1<\/span> (<span class=\"atcrm1\">ATC Rm1<\/span>) &#8211; Stagione venatoria 2023\/2024.<\/a><\/p>\n<p>&nbsp;<\/p>\n<p>&nbsp;<\/p>\n<p>&nbsp;<\/p>\n<h3>STAGIONE 2022-2023<\/h3>\n<p><a href=\"https:\/\/www.atcrm1.it\/wp\/wp-content\/uploads\/2022\/10\/2022-7367.pdf\">Determinazione 5 ottobre 2022, n. G13395 L. R. 17\/95 &#8211; DGR n. 460\/2018. Piano di assestamento faunistico-venatorio del cinghiale e proposta di prelievo in selezione nell&#8217;<span class=\"atcrm1\">Ambito Territoriale di Caccia Roma 1<\/span> (<span class=\"atcrm1\">ATC Rm1<\/span>) &#8211; Stagione venatoria 2022\/2023.<\/a><\/p>\n<p>Considerate le disposizioni regionali e commissariali in merito alle restrizioni della caccia nella zona infetta (rossa) e limitrofa (zona celeste), la caccia di selezione \u00e8:<\/p>\n<ul>\n<li>consentita nel Distretto A<\/li>\n<li>consentita parzialmente nel Distretto B in quanto parte ricade nella zona celeste (l&#8217;ATC ha provveduto a inviare ai selecontrollori del distretto B una tabella con le postazioni disabilitate)<\/li>\n<li>non \u00e8 consentita nel distretto C in quanto ricadente parte in zona rossa e parte in zona celeste.<\/li>\n<\/ul>\n<p>Si precisa che in riferimento all&#8217;orario consentito per la caccia di selezione, il consiglio direttivo del 29 settembre 2022 dell&#8217;<span class=\"atcrm1\">ATC Rm1<\/span> ha deliberato di attivare la caccia di selezione notturna, prevista dal PRIU, con il termine fino a due ore dopo il tramonto e l&#8217;inizio a due ore prima dell&#8217;alba. (<a href=\"https:\/\/www.atcrm1.it\/wp\/wp-content\/uploads\/2022\/11\/delibera-selezione-nottura.pdf\">Caccia di selezione al cinghiale nelle ore notturne_estratto della Deliberazione del Consiglio Direttivo del 29 settembre 2022<\/a>)<\/p>\n<h4>CORSI<\/h4>\n<p>L&#8217;<span class=\"atcrm1\">ATC Rm1<\/span> organizza in collaborazione con l\u2019ENAPRA (Ente accreditato alla Regione Lazio) un corso di abilitazione per aspiranti cacciatori si selezione degli ungulati (specie cinghiale) che si terr\u00e0 a partire dal 15 febbraio 2022 (fatto salvo che la data di inizio potrebbe variare per motivi al momento non prevedibili).<\/p>\n<ul>\n<li>le domande di partecipazione, compilate e complete di tutte le informazioni richieste, devono pervenire all&#8217;ATC a mezzo e-mail (info@atcrm1.it) entro il giorno <strong>9 febbraio 2022<\/strong><\/li>\n<li>la partecipazione al corso \u00e8 riservata alle prime <strong>50<\/strong> richieste di ammissione, pervenute nei termini previsti (con priorit\u00e0 a chi \u00e8 iscritto all\u2019<span class=\"atcrm1\">ATC Rm1<\/span>)<\/li>\n<li>la frequentazione del corso si svolger\u00e0 collegandosi da remoto attraverso l\u2019accesso ad una piattaforma informatica messa a disposizione dall&#8217;ENTE Accreditato ENAPRA (ADOBE CONNECT), con esclusione delle attivit\u00e0 pratiche ed esame finale che saranno in presenza<\/li>\n<li>le ore frequentate e la presenza a distanza (on line) sar\u00e0 certificata attraverso la piattaforma di videoconferenza on line messa a disposizione dall\u2019ENAPRA<\/li>\n<li>il costo di partecipazione \u00e8 fissato in \u20ac 100,00 da versare sul ccp n\u00b0 <strong>1012737530<\/strong> oppure IBAN:<strong>IT34 H076 0103 2000 0101 2737 530<\/strong> intestato ad <span class=\"atcrm1\">Ambito Territoriale di Caccia Roma 1<\/span> A.T.C., indicando nella causale \u201cCorso selecontrollore cinghiale-2022\u201d e rimangono a proprio carico (quindi non ricomprese nella quota di partecipazione) le spese derivanti dalla prova di tiro presso un poligono autorizzato<\/li>\n<li>la certificazione della rosata rilasciata dal direttore di tiro del poligono dovr\u00e0 essere presentata alla commissione il giorno dell\u2019esame<\/li>\n<li>per la partecipazione alle esercitazioni pratiche (compreso in poligono) e per effettuare l&#8217;esame finale, si dovr\u00e0 essere in possesso del Green Pass (Covid 19)<\/li>\n<\/ul>\n<p>SCARICA IL:<\/p>\n<ol>\n<li>PROGRAMMA (<a href=\"https:\/\/www.atcrm1.it\/wp\/wp-content\/uploads\/2022\/02\/Programma-didattico-corso-selecontrollori-cinghiale_atc-roma-1_n.-1_2022.pdf\">pdf<\/a>)<\/li>\n<li>MODULO DI PARTECIPAZIONE (<a href=\"https:\/\/www.atcrm1.it\/wp\/wp-content\/uploads\/2022\/02\/modulo-ammissione-corso-selecontrollori-cinghiale-_atc-rm1_n.1_2022.pdf\">pdf<\/a>)<\/li>\n<\/ol>\n<p>&nbsp;<\/p>\n<h4 style=\"text-align: center;\">DISTRETTI<\/h4>\n<p class=\"p1\">Determinazione 11 giugno 2021, n. G07121 L.R. n. 17\/95 &#8211; DGR n. 460\/2018. &#8220;<em>Piano <\/em><em>di assestamento faunistico-venatorio del cinghiale e proposta di prelievo in selezione nell&#8217;<span class=\"atcrm1\">Ambito Territoriale di Caccia Roma 1<\/span> (<span class=\"atcrm1\">ATC Rm1<\/span>) &#8211; Stagione venatoria 2021\/2022<\/em> (L. R. 17\/95 &#8211; DGR n. 460\/2018). [<a href=\"https:\/\/www.atcrm1.it\/wp\/wp-content\/uploads\/2021\/07\/DD-piano-selezione-ATC-RM1.pdf\">pdf]<\/a><\/p>\n<table style=\"height: 566px;\" width=\"635\">\n<tbody>\n<tr>\n<td><\/td>\n<td style=\"text-align: center;\"><strong>Distretto A<\/strong><\/td>\n<td style=\"text-align: center;\"><strong>Distretto B<\/strong><\/td>\n<td style=\"text-align: center;\"><strong>Distretto C<\/strong><\/td>\n<\/tr>\n<tr>\n<td>\n<p>Comuni<\/p>\n<\/td>\n<td><em>Allumiere, Anguillara Sabazia, Bracciano, Canale Monterano, Cerveteri,\u00a0 Civitavecchia, Ladispoli, Manziana, Santa Marinella, Tolfa, Trevignano<\/em><\/td>\n<td><em>Capena, Castelnuovo di Porto, Civitella San Paolo, Fiano Romano, Filacciano, Magliano Romano, Mazzano Romano, Morlupo, Nazzano, Ponzano Romano, Riano, Rignano Flaminio, Sant&#8217;Oreste, Torrita Tiberina<\/em><\/td>\n<td>\n<p><em>Campagnano, Fiumicino, Formello, Roma, Sacrofano<\/em><\/p>\n<\/td>\n<\/tr>\n<tr>\n<td>Elenchi selecontrollori suddivisi per gruppi (2023-24)<\/td>\n<td>\n<p style=\"text-align: center;\"><a href=\"https:\/\/www.atcrm1.it\/wp\/wp-content\/uploads\/2024\/07\/distretto-A_aggiornato.pdf\">Gruppi del Distretto A_2023_24 (aggiornato)<\/a><\/p>\n<\/td>\n<td>\n<p style=\"text-align: center;\"><a href=\"https:\/\/www.atcrm1.it\/wp\/wp-content\/uploads\/2024\/05\/distretto-b.pdf\">Gruppi del Distretto B_2023_24<\/a><\/p>\n<p style=\"text-align: center;\">\n<\/td>\n<td>&nbsp;<\/p>\n<p style=\"text-align: center;\"><a href=\"https:\/\/www.atcrm1.it\/wp\/wp-content\/uploads\/2024\/05\/distretto-c.pdf\">Gruppi del Distretto C_2023_24<\/a><\/p>\n<p style=\"text-align: center;\">\n<\/td>\n<\/tr>\n<tr>\n<td>Cartografia<\/p>\n<p>[<a href=\"https:\/\/www.atcrm1.it\/wp\/wp-content\/uploads\/2019\/04\/carta_distretti_RM1-1.jpg\">CARTINA DEI DISTRETTI (jpg) ]<\/a><\/td>\n<td>\n<p style=\"text-align: center;\"> <a href=\"https:\/\/www.atcrm1.it\/wp\/wp-content\/uploads\/2021\/07\/Postazioni-distretto-A-ATC-RM1-2021-2022-1_compressed.pdf\">Postazioni distretto A <\/a><\/p>\n<\/td>\n<td>\n<p style=\"text-align: center;\"><a href=\"https:\/\/www.atcrm1.it\/wp\/wp-content\/uploads\/2021\/07\/Postazioni-distretto-B-ATC-RM1-2021-2022_compressed.pdf\">Postazioni distretto B<\/a><\/p>\n<\/td>\n<td><a href=\"https:\/\/www.atcrm1.it\/wp\/wp-content\/uploads\/2021\/07\/Postazioni-distretto-C-ATC-RM1-2021-2022_compressed.pdf\">Postazioni distretto C<\/a><\/td>\n<\/tr>\n<\/tbody>\n<\/table>\n<h3>ARCHIVIO <\/h3>\n<h3>GRUPPI\u00a0 \/ CARTOGRAFIA POSTAZIONI \/ ATTI<\/h3>\n<h4>2020-2021<\/h4>\n<p>Determinazione 6 luglio 2020, n. G07904 \u201c<em>L.R. n. 17\/95 \u2013 DGR n. 460\/2018. Piano di assestamento faunistico-venatorio della specie cinghiale (Sus scrofa) nell\u2019<span class=\"atcrm1\">Ambito Territoriale di Caccia Roma 1<\/span> (<span class=\"atcrm1\">ATC Rm1<\/span>) \u2013 Prelievo in selezione stagione venatoria\u00a02020-2021.<\/em>\u201d\u00a0 [<a href=\"https:\/\/www.atcrm1.it\/wp\/wp-content\/uploads\/2020\/07\/2020-5339.pdf\">download<\/a>\u00a0]<\/p>\n<p>scarica [<a href=\"https:\/\/www.atcrm1.it\/wp\/wp-content\/uploads\/2020\/08\/Distretto-A-2020-2021-1.pdf\">Distretto A 2020-2021<\/a>],Cartografia 2020-21 (<a href=\"https:\/\/www.atcrm1.it\/wp\/wp-content\/uploads\/2020\/08\/Postazioni-distretto-A_compressed.pdf\">Postazioni distretto A_compressed<\/a>)<\/p>\n<p>scarica [<a href=\"https:\/\/www.atcrm1.it\/wp\/wp-content\/uploads\/2020\/08\/DISTRETTO-B-2020_21.pdf\">DISTRETTO B 2020_21<\/a>], Cartografia 2020-21 (<a href=\"https:\/\/www.atcrm1.it\/wp\/wp-content\/uploads\/2020\/08\/Postazioni-distretto-B_compressed.pdf\">Postazioni distretto B_compressed<\/a>)<\/p>\n<p>scarica [<a href=\"https:\/\/www.atcrm1.it\/wp\/wp-content\/uploads\/2020\/08\/Distretto-C-2020-2021.pdf\">Distretto C 2020-2021<\/a>],Cartografia 2020-21 (<a href=\"https:\/\/www.atcrm1.it\/wp\/wp-content\/uploads\/2020\/08\/Postazioni-distretto-C_compressed.pdf\">Postazioni distretto C_compressed<\/a>)<\/p>\n<h4>2019-2020<\/h4>\n<p>Determinazione 23 aprile 2019, n. G05065 L.R. n. 17\/95 &#8211; DGR n. 460\/2018 &#8220;<em>Piano di assestamento faunistico-venatorio del cinghiale (Sus scrofa) nell&#8217;<span class=\"atcrm1\">Ambito Territoriale di Caccia Roma 1<\/span> (<span class=\"atcrm1\">ATC Rm1<\/span>) &#8211; Prelievo in selezione stagione venatoria 2019\/2020<\/em>&#8221;\u00a0 &#8211;\u00a0<a href=\"https:\/\/www.atcrm1.it\/wp\/wp-content\/uploads\/2019\/05\/Piano-di-assestamento-faunistico-venatorio-del-cinghiale_atc-roma1.pdf\">(download)<\/a><\/p>\n<h4>MODALITA&#8217; ISCRIZIONE AI DISTRETTI ANNO 2020<\/h4>\n<p><strong><u>I nuovi cacciatori abilitati alla caccia di selezione devono :<\/u><\/strong><\/p>\n<ul>\n<li>Iscriversi all\u2019Albo Regionale dei cacciatori selettori entro il <strong>15 marzo 2020.<\/strong><\/li>\n<li>Compilare la domanda di iscrizione ad un distretto di selezione del cinghiale [<a href=\"https:\/\/www.atcrm1.it\/wp\/wp-content\/uploads\/2020\/03\/modulo_iscrizione_distretto_selezione_cinghiale.doc\">modulo_iscrizione_distretto_selezione_cinghiale<\/a>] e va consegnata alla sede dell\u2019ATC oppure inviata via mail (<u>info@atcrm1.it<\/u>) o via fax (06\/41290266) entro <strong>luned\u00ec 16 marzo 2020<\/strong> con allegato copia del tesserino dell\u2019albo regionale. La domanda deve essere completa di tutte le informazioni per essere ritenuta valida.<\/li>\n<li>Registrarsi sulla piattaforma on line GEOHUNTER (<a href=\"https:\/\/atcrm1.geohunter.it\/Account\/Login?ReturnUrl=%2F\">link<\/a>) come cacciatore di selezione.<\/li>\n<li>Effettuare <strong>entro il 31 marzo 2020<\/strong> il versamento di\u00a0<strong>\u20ac 25,00 <\/strong>sul c\/c postale n\u00b0 1012737530 intestato a: <span class=\"atcrm1\">Ambito Territoriale di Caccia Roma 1<\/span> \u2013 <em>Viale Ratto delle Sabine 45, 00131 Roma<\/em> quale quota di contributo al distretto di selezione per l\u2019anno 2020 [<em>causale: quota contributo distretto selezione cinghiale 2020<\/em>]. <u>Il versamento va caricato sul proprio profilo della piattaforma Geohunter <strong>entro il 31 marzo 2020.<\/strong><\/u><\/li>\n<\/ul>\n<p><strong>I cacciatori gi\u00e0 iscritti ad un distretto dell\u2019ATC lo scorso anno alla caccia di selezione devono<u> esclusivamente:<\/u><\/strong><\/p>\n<ul>\n<li>Effettuare <strong>entro il 31 marzo 2020<\/strong> il versamento di\u00a0<strong>\u20ac 25,00 <\/strong>sul c\/c postale n\u00b0 1012737530 intestato a: <span class=\"atcrm1\">Ambito Territoriale di Caccia Roma 1<\/span> \u2013 Viale Ratto delle Sabine 45, 00131 Roma quale quota di contributo al distretto di selezione per l\u2019anno 2020 [<em>causale: quota contributo distretto selezione cinghiale 2020<\/em>]. <u>Il versamento va caricato sul proprio profilo della piattaforma Geohunter (<a href=\"https:\/\/atcrm1.geohunter.it\/Account\/Login?ReturnUrl=%2F\">link<\/a>) entrando sul proprio profilo<strong> entro il 31 marzo 2020.<\/strong><\/u><\/li>\n<li>Effettuare il versamento di <strong>\u20ac 30,00<\/strong>\u00a0sul c\/c postale n\u00b0 1012737530 intestato a: <span class=\"atcrm1\">Ambito Territoriale di Caccia Roma 1<\/span> \u2013 Viale Ratto delle Sabine 45, 00131 Roma quale quota di ammissione all\u2019<span class=\"atcrm1\">ATC Rm1<\/span> (Residenza venatoria) per la stagione venatoria 2020-21[<em>causale: quota iscrizione cacciatori residenti in provincia di Roma \u2013 residenza venatoria 2020-21<\/em>]. Il versamento va caricato sul proprio profilo della piattaforma Geohunter entro il <strong>31 marzo 2020<\/strong>.<\/li>\n<\/ul>\n<p><strong>Modulistica:<\/strong><\/p>\n<pre><em><b>- Domanda di iscrizione all'Albo regionale dei cacciatori selettori. Il modulo va trasmesso all'ADA di Roma[<\/b><a href=\"https:\/\/www.atcrm1.it\/wp\/wp-content\/uploads\/2018\/12\/DOMANDA-DI-ISCRIZIONE-ALLALBO-REGIONE-LAZIO-DEI-CACCIATORI-DI-SELEZIONE.pdf\">DOMANDA DI ISCRIZIONE ALL'ALBO REGIONE LAZIO DEI CACCIATORI DI SELEZIONE<\/a><b>]\r\n\r\n<\/b><\/em><em><b>- Domanda di iscrizione ad un distretto di selezione del cinghiale<\/b><\/em>\r\nIl modulo per l'iscrizione al distretto di selezione che va consegnato alla sede dell'ATC oppure inviato via mail ( <a href=\"mailto:info@atcrm1.it\">info@atcrm1.it<\/a>) o via fax (06\/41290266).[<strong><a href=\"https:\/\/www.atcrm1.it\/wp\/wp-content\/uploads\/2018\/04\/modulo_iscrizione_distretto_selezione_cinghiale.doc\">modulo_iscrizione_distretto_selezione_cinghiale<\/a>]\r\n\r\n-modulo segnalazione presenza cinghiali, <\/strong>l\u2019<span class=\"atcrm1\">ATC Rm1<\/span> con l\u2019approssimarsi della stagione estiva, che coincide con la maturazione della maggior parte delle produzioni agricole locali, intende intensificare la propria attivit\u00e0 di selezione della specie cinghiale affiancando gli agricoltori nelle attivit\u00e0 di prevenzione e tutela del danno alle colture agricole.A tale scopo richiede la collaborazione di tutti i possessori dei terreni in attivit\u00e0 di produzione al fine di ricevere tempestive segnalazioni di danni anche di piccole entit\u00e0. Sar\u00e0 cura dell\u2019ATC verificare la segnalazione ed intraprendere le azioni possibili a tutela della produzione agricola. Le segnalazioni dovranno pervenire tramite la seguente e.mail info@atcrm1.it, utilizzando l\u2019apposito modulo di segnalazione (scarica:<a href=\"https:\/\/www.atcrm1.it\/wp\/wp-content\/uploads\/2023\/05\/modulo-segnalazione-presenza-cinghiali.pdf\">modulo segnalazione presenza cinghiali.pdf<\/a> )<a href=\"mailto:info@atcrm1.it\">,\u00a0<\/a>precisando localit\u00e0, foglio, particella e possibilmente allegando una foto. <strong>La suddetta segnalazione\u00a0<\/strong><strong>n<\/strong><strong>on \u00e8 da intendersi e non vale come richiesta di indennizzo di danni per la quale si dovr\u00e0 utilizzare ed inviare la documentazione e seguire la procedura riportata nella apposita sezione del sito.<\/strong><\/pre>\n<pre><strong>- Istanza di iscrizione al registro dei conduttori di cani da traccia per il recupero degli ungulati feriti (<a href=\"https:\/\/www.atcrm1.it\/wp\/wp-content\/uploads\/2019\/03\/Istanza-iscrizione-ATC-recuperatori-1.doc\">modulo<\/a>)<\/strong><\/pre>\n","protected":false},"excerpt":{"rendered":"<p>Normativa Deliberazione 2 agosto 2018, n. 460 L.R. n. 17\/95, art. 34 comma 2, art. 35 comma 5 &#8211; Disciplina per la gestione faunistica e per la caccia di selezione degli ungulati. [ pdf ] P.R.I.U. &#8211; DGR 1000 del 22\/11\/2024 Piano regionale di interventi urgenti per la gestione, il controllo e l\u2019eradicazione della Peste&hellip;&nbsp;<a href=\"https:\/\/idratools.org\/atcrm1\/selezione\/\" rel=\"bookmark\"><span class=\"screen-reader-text\">Caccia di selezione e controllo<\/span><\/a><\/p>\n","protected":false},"author":2,"featured_media":4856,"parent":0,"menu_order":0,"comment_status":"closed","ping_status":"closed","template":"","meta":{"neve_meta_sidebar":"","neve_meta_container":"","neve_meta_enable_content_width":"off","neve_meta_content_width":100,"neve_meta_title_alignment":"","neve_meta_author_avatar":"","neve_post_elements_order":"","neve_meta_disable_header":"","neve_meta_disable_footer":"","neve_meta_disable_title":"","_themeisle_gutenberg_block_has_review":false,"footnotes":""},"categories":[24],"tags":[],"class_list":["post-264","page","type-page","status-publish","has-post-thumbnail","hentry","category-per-homepage"],"_links":{"self":[{"href":"https:\/\/idratools.org\/atcrm1\/wp-json\/wp\/v2\/pages\/264","targetHints":{"allow":["GET"]}}],"collection":[{"href":"https:\/\/idratools.org\/atcrm1\/wp-json\/wp\/v2\/pages"}],"about":[{"href":"https:\/\/idratools.org\/atcrm1\/wp-json\/wp\/v2\/types\/page"}],"author":[{"embeddable":true,"href":"https:\/\/idratools.org\/atcrm1\/wp-json\/wp\/v2\/users\/2"}],"replies":[{"embeddable":true,"href":"https:\/\/idratools.org\/atcrm1\/wp-json\/wp\/v2\/comments?post=264"}],"version-history":[{"count":143,"href":"https:\/\/idratools.org\/atcrm1\/wp-json\/wp\/v2\/pages\/264\/revisions"}],"predecessor-version":[{"id":4481,"href":"https:\/\/idratools.org\/atcrm1\/wp-json\/wp\/v2\/pages\/264\/revisions\/4481"}],"wp:featuredmedia":[{"embeddable":true,"href":"https:\/\/idratools.org\/atcrm1\/wp-json\/wp\/v2\/media\/4856"}],"wp:attachment":[{"href":"https:\/\/idratools.org\/atcrm1\/wp-json\/wp\/v2\/media?parent=264"}],"wp:term":[{"taxonomy":"category","embeddable":true,"href":"https:\/\/idratools.org\/atcrm1\/wp-json\/wp\/v2\/categories?post=264"},{"taxonomy":"post_tag","embeddable":true,"href":"https:\/\/idratools.org\/atcrm1\/wp-json\/wp\/v2\/tags?post=264"}],"curies":[{"name":"wp","href":"https:\/\/api.w.org\/{rel}","templated":true}]}}