{"id":2600,"date":"2022-01-27T09:42:56","date_gmt":"2022-01-27T08:42:56","guid":{"rendered":"https:\/\/www.atcrm1.it\/?page_id=2600"},"modified":"2025-10-28T10:52:21","modified_gmt":"2025-10-28T09:52:21","slug":"peste-suina","status":"publish","type":"page","link":"https:\/\/idratools.org\/atcrm1\/peste-suina\/","title":{"rendered":"Peste Suina Africana"},"content":{"rendered":"<h2>MISURE DI CONTROLLO E DI PREVENZIONE DELLA DIFFUSIONE DELLA PESTE SUINA AFRICANA<\/h2>\n<div class=\"per_saperne\">Per saperne di pi\u00f9<\/div>\n<h3>Per aggiornamenti cartografici e report sulla PSA e altre notizie clicca in basso su IZS<\/h3>\n<p><a href=\"https:\/\/www.izslt.it\/104866-2\/\" target=\"_blank\" rel=\"noopener\"><img loading=\"lazy\" decoding=\"async\" class=\"wp-image-2802 aligncenter\" src=\"https:\/\/demo.idra.it\/atcrm1\/wp-content\/uploads\/2022\/06\/izs-lazio-e-toscana.jpeg\" alt=\"\" width=\"438\" height=\"92\" srcset=\"https:\/\/idratools.org\/atcrm1\/wp-content\/uploads\/2022\/06\/izs-lazio-e-toscana.jpeg 490w, https:\/\/idratools.org\/atcrm1\/wp-content\/uploads\/2022\/06\/izs-lazio-e-toscana-300x63.jpeg 300w, https:\/\/idratools.org\/atcrm1\/wp-content\/uploads\/2022\/06\/izs-lazio-e-toscana-228x48.jpeg 228w\" sizes=\"auto, (max-width: 438px) 100vw, 438px\" \/><\/a><\/p>\n<h3>Materiale divulgativo, Corsi di formazione: <\/h3>\n<ul>\n<li><strong>corso fad destinato ai cacciatori ed ai bioregolatori. (31 ottobre 2023) (<a href=\"https:\/\/demo.idra.it\/atcrm1\/2023\/10\/31\/corso-fad-psa\/\">clicca qui<\/a>)<\/strong><\/li>\n<li><strong>Elenco nazionale dei Bioregolatori<\/strong> attivato nel portale dei Sistemi informativi veterinari \u2013 Vetinfo all\u2019indirizzo https:\/\/www.vetinfo.it\/p_servizi_csn\/#\/public\/inserisci_bioregolatori\/intro (<strong><a href=\"https:\/\/www.vetinfo.it\/p_servizi_csn\/#\/public\/inserisci_bioregolatori\/intro\" target=\"_blank\" rel=\"noopener\">clicca qui<\/a><\/strong>)<\/li>\n<li><strong>Video<\/strong> informativo promosso dal Ministero della Salute e realizzato dall&#8217;EFSA (Autorit\u00e0 http:\/\/Europea per la Sicurezza Alimentare) (<a href=\"https:\/\/youtu.be\/eyQ4t1wHl2M\" target=\"_blank\" rel=\"noopener\">clicca qui<\/a>)<\/li>\n<li><strong>Video<\/strong> informativo tratto dal <a href=\"https:\/\/www.izslt.it\/brochure-peste-suina-africana\/\" target=\"_blank\" rel=\"noopener\">sito dell&#8217;IZSLT<\/a> (<a href=\"https:\/\/www.izslt.it\/wp-content\/uploads\/2022\/03\/PSA-1.mp4?_=1\" target=\"_blank\" rel=\"noopener\">clicca qui<\/a>)<\/li>\n<li><strong>Regolamento UE 2022\/946<\/strong> (<a href=\"https:\/\/demo.idra.it\/atcrm1\/wp-content\/uploads\/2022\/08\/Regolamento_ALLEGATO.pdf\">pdf<\/a>) recante la modifica dell\u2019allegato I del regolamento di esecuzione (UE) 2021\/605 che stabilisce misure speciali di controllo della peste suina africana<\/li>\n<li><strong>Regolamento di esecuzione (UE) 2021\/605<\/strong> della Commissione del 7 aprile 2021 che stabilisce misure speciali di controllo della peste suina africana (<a href=\"https:\/\/demo.idra.it\/atcrm1\/wp-content\/uploads\/2022\/08\/CELEX_32021R0605_IT_TXT-1.pdf\">pdf<\/a>)<\/li>\n<li><strong>Brochure PSA<\/strong> (<a href=\"https:\/\/www.izslt.it\/brochure-peste-suina-africana\/\" target=\"_blank\" rel=\"noopener\">fonte sito IZSLT<\/a>): all\u2019interno delle brochure sono riportati i numeri unici da contattare nella regione Lazio (<a href=\"https:\/\/demo.idra.it\/atcrm1\/wp-content\/uploads\/2022\/06\/Brochure-bianca-zona-infetta-Lazio-3.pdf\">clicca qui<\/a>)<\/li>\n<\/ul>\n<h3>Opuscoli<\/h3>\n<p> (<a href=\"https:\/\/www.izslt.it\/brochure-peste-suina-africana\/\" target=\"_blank\" rel=\"noopener\">fonte sito IZSLT<\/a>)<\/p>\n<ul>\n<li><a href=\"https:\/\/demo.idra.it\/atcrm1\/wp-content\/uploads\/2022\/06\/C_17_opuscoliPoster_481_allegato.pdf\">Le vie del contagio (pdf)<\/a><\/li>\n<li><a href=\"https:\/\/demo.idra.it\/atcrm1\/wp-content\/uploads\/2022\/06\/C_17_opuscoliPoster_481_2_alleg.pdf\">info per i cacciatori (pdf)<\/a><\/li>\n<li><a href=\"https:\/\/www.salute.gov.it\/portale\/p5_1_1.jsp?lingua=italiano&amp;faqArea=sanitaAnimale&amp;id=284\" target=\"_blank\" rel=\"noopener\">FAQ- Peste suina africana (PSA) Sanit\u00e0 animale&nbsp;<\/a><\/li>\n<\/ul>\n<h3>Aggiornamenti legislativi e dispositivi<\/h3>\n<ul>\n<li><a href=\"https:\/\/demo.idra.it\/atcrm1\/wp-content\/uploads\/2024\/10\/ORDINANZA_N.5_2024-2.pdf\">ORDINANZA_N.5_2024 del Commissario Straordinario 1 ottobre 2024<\/a><\/li>\n<li><a href=\"https:\/\/demo.idra.it\/atcrm1\/wp-content\/uploads\/2024\/07\/ORDINANZA-N-2_2024_DEL-COMMISSARIO-STRAORDINARIO-9-maggio-2024.pdf\">ORDINANZA-N 2_2024_DEL-COMMISSARIO-STRAORDINARIO-9-maggio-2024<\/a><\/li>\n<li><a href=\"https:\/\/demo.idra.it\/atcrm1\/wp-content\/uploads\/2023\/09\/20230831_203-5-42-64.pdf\">ORDINANZA n. 5-2023 &#8220;Misure di controllo ed eradicazione della peste suina africana.&#8221;<\/a><\/li>\n<li><a href=\"https:\/\/demo.idra.it\/atcrm1\/wp-content\/uploads\/2023\/04\/ORDINANZA-del-Commissario-Straordinario-PSA-n.-2-del-20.04.23-signed.pdf\">ORDINANZA del Commissario Straordinario PSA n. 2 del 20.04.23<\/a><\/li>\n<li>Ordinanza del Commissario n.5 &#8221; Proroga delle misure di cui all\u2019Art. 3 comma1, lettera b, punti ii e iii dell\u2019ordinanza del Commissario Straordinario alla Peste suina africana n. 4\/2022 &#8221; (<a href=\"https:\/\/demo.idra.it\/atcrm1\/wp-content\/uploads\/2023\/01\/ordinanza-n.-5.pdf\">pdf<\/a>)<\/li>\n<li>\n<p class=\"p2\">Ordinanza del Commissario n.4 &#8221; Indicazioni per l\u2019attuazione delle misure di controllo ed eradicazione della Peste Suina Africana &#8221; (<a href=\"https:\/\/demo.idra.it\/atcrm1\/wp-content\/uploads\/2022\/08\/Ordinanza_del_Commissario_Straordinario_alla_PSA_n.4_signed.pdf\">pdf<\/a>)<\/p>\n<\/li>\n<li>\n<p class=\"p2\">Dispositivo Ministeriale a firma congiunta del 1 giugno 2022\u201d, con la quale si trasmette il Dispositivo Ministeriale a firma congiunta con il quale viene istituita una zona infetta nelle Regioni Lazio e Abruzzo a seguito di conferma di un caso di peste suina africana in una carcassa di cinghiale nel Comune di Borgo Velino nella provincia di Rieti (<a href=\"https:\/\/demo.idra.it\/atcrm1\/wp-content\/uploads\/2022\/06\/Comunicazione-direzione-salute.0545994.01-06-2022-1.pdf\">download<\/a>)<\/p>\n<\/li>\n<li>Dispositivo del Commissario Straordinario alla Peste Suina Africana (<em>Dott. Angelo Ferrari<\/em>) e della Direzione generale della Sanit\u00e0 Animale e dei Farmaci Veterinari (<em>Dott. Pierdavide Lecchini<\/em>) sulla istituzione di una zona infetta a seguito di conferma di casi di PSA nei cinghiali. La zona infetta comprende i territori del Comune di Roma riportati nell\u2019allegato 1 del suddetto dispositivo. <a href=\"https:\/\/demo.idra.it\/atcrm1\/wp-content\/uploads\/2022\/05\/DISPOSITIVO_PSA_ZONA_INFETTA_ROMA_MINSAL_COMMISSARIO.pdf\">DISPOSITIVO_PSA_ZONA_INFETTA_ROMA_MINSAL_COMMISSARIO<\/a> (16 maggio 2022)<\/li>\n<li>Ordinanza del Presidente della Regione Lazio 7 maggio 2022, n. Z00002-Ordinanza ai sensi dell&#8217;articolo 32, comma 3 della legge 23 dicembre 1978, n. 833 in materia di igiene e sanit\u00e0 pubblica. Prime misure di regolamentazione per il contenimento della Peste Suina Africana sul territorio della Regione Lazio. <a href=\"https:\/\/demo.idra.it\/atcrm1\/wp-content\/uploads\/2022\/05\/2022-3094.pdf\">DOWNLOAD &#8211; ORDINANZA PRESIDENTE REGIONE LAZIO (7 MAGGIO 2022<\/a>)<\/li>\n<li><a href=\"https:\/\/demo.idra.it\/atcrm1\/wp-content\/uploads\/2022\/05\/PSA_Ordinanza_01_2022_Min_Salute_Commissario_straord_GU_20220405_080.pdf\">PSA_Ordinanza_01_2022_Min_Salute_Commissario_straord_GU_20220405_080<\/a><\/li>\n<li><a href=\"https:\/\/demo.idra.it\/atcrm1\/wp-content\/uploads\/2022\/05\/Misure-urgenti-per-il-controllo-della-diffusione-della-Peste-suina-africana-a-seguito-della-conferma-della-presenza-del-virus-nei-selvatici.-ordinanza-13-gennaio-2022.pdf\">Misure urgenti per il controllo della diffusione della Peste suina africana a seguito della conferma della presenza del virus nei selvatici. (22A00300) (ordinanza del 13 gennaio 2022)<\/a><\/li>\n<li><a href=\"https:\/\/demo.idra.it\/atcrm1\/wp-content\/uploads\/2022\/05\/Misure-di-controllo-e-prevenzione-della-diffusione-della-Peste-suina-africana.-18-gennaio-2022-Ministero-della-salute.pdf\">Misure di controllo e prevenzione della diffusione della Peste suina africana. (18 gennaio 2022) Ministero della salute<\/a><\/li>\n<\/ul>\n<h3>Avvisi e informazioni <span class=\"atcrm1\">ATC Rm1<\/span><\/h3>\n<ul>\n<li><strong>cartina delle zone di restrizione<\/strong> (visibili su Google Earth) aggiornata al 31 agosto [ <a href=\"https:\/\/demo.idra.it\/atcrm1\/wp-content\/uploads\/2022\/09\/zonizzazione-psa-rif-31-agosto-2022-.kmz_.zip\">zonizzazione psa ].<\/a> Cliccando sul file, che \u00e8 in formato ZIP, con il tasto destro del mouse, si aprir\u00e0 il men\u00f9 a tendina e cliccare sulla opzione \u201cestrai tutto\u201d oppure fare doppio click e sar\u00e0 disponibile il file in formato kmz. Baster\u00e0 ora scegliere la destinazione dei file (si consiglia di scegliere il desktop).<\/li>\n<li><strong>Dispositivo Regione Lazio (Protocollo nr: 889984 \u2013 del 16\/09\/2022):<\/strong> Indicazioni temporanee per l\u2019esercizio dell\u2019attivit\u00e0 venatoria e di addestramento dei cani nell\u2019area infetta di Roma (zona restrizione III) e nell\u2019area confinante la zona infetta (zona restrizione I), nonch\u00e9 nella zona infetta di Rieti (zona restrizione II) e nell\u2019area confinante la zona infetta (zona restrizione I) <a href=\"https:\/\/demo.idra.it\/atcrm1\/wp-content\/uploads\/2022\/09\/REGLAZIO.REGISTRO-UFFICIALE.2022.0889984.pdf\">DOWNLOAD<\/a><\/li>\n<\/ul>\n<ul>\n<li><strong>31 agosto 2022: cartografia aggiornata Roma PSA Trasmessa dall\u2019IZSLT (fonte regione Lazio del 31 agosto 2022)&nbsp;<\/strong> (<a href=\"https:\/\/demo.idra.it\/atcrm1\/wp-content\/uploads\/2022\/08\/Rome_new_ZoneIII_zone_I_comuni-jpg.pdf\">pdf<\/a>)<\/li>\n<li class=\"entry-title\"><strong>PSA: Sospensione di attivit\u00e0 di prelievo in selezione Distretto A B e C (parte)<\/strong><\/li>\n<\/ul>\n<p>Si avvisa in seguito ad interpretazione autentica da parte della Regione Lazio dell\u2019ultimo Dispositivo e del parere Ispra prot. 0513443 del 24-05-2022, la caccia di selezione al cinghiale \u00e8 sospesa oltre che nella zona infetta, anche nella zona confinante con la zona infetta, individuata dalla cartografia allegata. Si riporta l\u2019elenco dei comuni dove l\u2019attivit\u00e0 di caccia di selezione \u00e8 sospesa:<\/p>\n<p>Roma, Anguillara, Cesano, Formello, Campagnano, Magliano Romano, Sacrofano, Riano, Castelnuovo di Porto, Morlupo, Capena, Fiano Romano. A sud Ovest il confine del Comune di Roma \u00e8 rappresentato dalla strada Statale SS1 Aurelia fino all\u2019intersezione con il GRA.<\/p>\n<p>Pertanto si ritengono fin d\u2019ora sospese tutte le attivit\u00e0 venatorie di selezione anche nella zona confinante con la zona infetta.<\/p>\n<p><strong>Sospensione della caccia di selezione nell\u2019area infetta all\u2019interno del Distretto C<\/strong><\/p>\n<ul>\n<li>\n<p style=\"text-align: left;\">In attesa di conoscere le corrette modalit\u00e0 operative disposte dagli organi competenti ed in particolare di quanto previsto dall\u2019Art. 3 comma 1 lett. a) punto iii dell\u2019Atto Commissariale avente ad oggetto: &#8220;<em>Misure di controllo e prevenzione della Peste Suina nella Regione Lazio<\/em>&#8220;, che testualmente recita \u201c<em>la Regione regolamenta l\u2019attivit\u00e0 venatoria e di controllo verso la specie cinghiale svolta nel rispetto di specificare misure di biosicurezza di cui all\u2019allegato 1 all\u2019O.C.S. alla PSA\u2026<\/em>\u201d, viene sospesa l\u2019attivit\u00e0 di caccia di selezione specie cinghiale fino al 31 maggio 2022, nell\u2019area infetta definita nell\u2019allegato 1 dell\u2019Atto Commissariale avente ad oggetto: &#8220;Misure di controllo e prevenzione della Peste Suina nella Regione Lazio&#8221;<strong>. <\/strong><strong>&nbsp;<\/strong><\/p>\n<p style=\"text-align: left;\"><strong>Scarica: <\/strong><strong>&nbsp;<a href=\"https:\/\/demo.idra.it\/atcrm1\/wp-content\/uploads\/2022\/05\/Ordinanza_del_Commissario_Straordinario_per_la_peste_suina_africana_n.3.pdf\">Ordinanza_del_Commissario_Straordinario_per_la_peste_suina_africana_n.3&nbsp;<\/a><\/strong><\/p>\n<\/li>\n<\/ul>\n<ul>\n<li>Avviso del 11 maggio 2022 _ <span class=\"atcrm1\">ATC Rm1<\/span>: Attivit\u00e0 di monitoraggio (<a href=\"https:\/\/demo.idra.it\/atcrm1\/wp-content\/uploads\/2022\/05\/peste-suina-africana-_atcrm1_avviso-monitoraggi_11-maggio-2022.pdf\">pdf<\/a>)<\/li>\n<li>Avviso del 10 maggio 2022 _ <span class=\"atcrm1\">ATC Rm1<\/span>: Attivit\u00e0 di monitoraggio (<a href=\"https:\/\/demo.idra.it\/atcrm1\/wp-content\/uploads\/2022\/05\/peste-suina-africana-_atcrm1_avviso-monitoraggi.pdf\">pdf<\/a>)<\/li>\n<\/ul>\n","protected":false},"excerpt":{"rendered":"<p>MISURE DI CONTROLLO E DI PREVENZIONE DELLA DIFFUSIONE DELLA PESTE SUINA AFRICANA Per saperne di pi\u00f9 Per aggiornamenti cartografici e report sulla PSA e altre notizie clicca in basso su IZS Materiale divulgativo, Corsi di formazione: corso fad destinato ai cacciatori ed ai bioregolatori. (31 ottobre 2023) (clicca qui) Elenco nazionale dei Bioregolatori attivato nel&hellip;&nbsp;<a href=\"https:\/\/idratools.org\/atcrm1\/peste-suina\/\" rel=\"bookmark\"><span class=\"screen-reader-text\">Peste Suina Africana<\/span><\/a><\/p>\n","protected":false},"author":2,"featured_media":4844,"parent":0,"menu_order":0,"comment_status":"closed","ping_status":"closed","template":"","meta":{"neve_meta_sidebar":"","neve_meta_container":"","neve_meta_enable_content_width":"off","neve_meta_content_width":100,"neve_meta_title_alignment":"","neve_meta_author_avatar":"","neve_post_elements_order":"","neve_meta_disable_header":"","neve_meta_disable_footer":"","neve_meta_disable_title":"","_themeisle_gutenberg_block_has_review":false,"footnotes":""},"categories":[24],"tags":[],"class_list":["post-2600","page","type-page","status-publish","has-post-thumbnail","hentry","category-per-homepage"],"_links":{"self":[{"href":"https:\/\/idratools.org\/atcrm1\/wp-json\/wp\/v2\/pages\/2600","targetHints":{"allow":["GET"]}}],"collection":[{"href":"https:\/\/idratools.org\/atcrm1\/wp-json\/wp\/v2\/pages"}],"about":[{"href":"https:\/\/idratools.org\/atcrm1\/wp-json\/wp\/v2\/types\/page"}],"author":[{"embeddable":true,"href":"https:\/\/idratools.org\/atcrm1\/wp-json\/wp\/v2\/users\/2"}],"replies":[{"embeddable":true,"href":"https:\/\/idratools.org\/atcrm1\/wp-json\/wp\/v2\/comments?post=2600"}],"version-history":[{"count":75,"href":"https:\/\/idratools.org\/atcrm1\/wp-json\/wp\/v2\/pages\/2600\/revisions"}],"predecessor-version":[{"id":4487,"href":"https:\/\/idratools.org\/atcrm1\/wp-json\/wp\/v2\/pages\/2600\/revisions\/4487"}],"wp:featuredmedia":[{"embeddable":true,"href":"https:\/\/idratools.org\/atcrm1\/wp-json\/wp\/v2\/media\/4844"}],"wp:attachment":[{"href":"https:\/\/idratools.org\/atcrm1\/wp-json\/wp\/v2\/media?parent=2600"}],"wp:term":[{"taxonomy":"category","embeddable":true,"href":"https:\/\/idratools.org\/atcrm1\/wp-json\/wp\/v2\/categories?post=2600"},{"taxonomy":"post_tag","embeddable":true,"href":"https:\/\/idratools.org\/atcrm1\/wp-json\/wp\/v2\/tags?post=2600"}],"curies":[{"name":"wp","href":"https:\/\/api.w.org\/{rel}","templated":true}]}}