{"id":235,"date":"2017-08-31T18:13:23","date_gmt":"2017-08-31T16:13:23","guid":{"rendered":"http:\/\/www.atcrm1.it\/wp\/?page_id=235"},"modified":"2025-10-28T10:38:31","modified_gmt":"2025-10-28T09:38:31","slug":"corsi","status":"publish","type":"page","link":"https:\/\/idratools.org\/atcrm1\/corsi\/","title":{"rendered":"Corsi"},"content":{"rendered":"<h3>Corso di Abilitazione per Selecontrollori specie ungulati (Art. 34-35 L.R. 17\/95, DGR 460\/2018) &#8211; Sessione 2025<\/h3>\n<p>L\u2019<span class=\"atcrm1\">ATC Rm1<\/span>, in collaborazione con l\u2019ENAPRA (Ente accreditato presso la Regione Lazio), organizza un corso di abilitazione per aspiranti cacciatori di selezione delle seguenti specie: <strong>cinghiale, capriolo, cervo e daino<\/strong>.<\/p>\n<p>Il corso si svolger\u00e0 in modalit\u00e0 <strong>Didattica a Distanza (DAD) ed esercitazioni in presenza<\/strong> nei mesi di <strong>gennaio\/febbraio 2025<\/strong>, con lezioni programmate il marted\u00ec e il venerd\u00ec dalle <strong>16:00 alle 20:00<\/strong>, pi\u00f9 esercitazioni in presenza per un totale di <strong>72 ore secondo programmi ISPRA<\/strong>.<\/p>\n<p>Si precisa che il corso per le specie capriolo, cervo e daino \u00e8 riservato solo a chi ha conseguito gi\u00e0 l\u2019abilitazione per la specie cinghiale oppure intende conseguirla nel presente corso. I\u00a0partecipanti gi\u00e0 abilitati per una o pi\u00f9 specie potranno manifestare interesse per le specie restanti e seguiranno solo le attivit\u00e0 formative relative<\/p>\n<p><strong>Iscrizione e numero di partecipanti:<\/strong><\/p>\n<p>Il corso \u00e8 riservato ai <strong>primi 45 candidati per specie <\/strong>che presenteranno richiesta di ammissione, con <strong>priorit\u00e0 per i cacciatori gi\u00e0 iscritti all\u2019<span class=\"atcrm1\">ATC Rm1<\/span> per la stagione 2024\/25<\/strong>.<\/p>\n<p><strong>Termine per le domande:<\/strong><\/p>\n<p>Le domande di partecipazione devono essere inviate all&#8217;ATC a mezzo e-mail: info@atcrm1.it) <strong>entro il 30 novembre p.v.<\/strong><\/p>\n<p><strong>Costi di partecipazione:<\/strong><\/p>\n<ul>\n<li><strong>Cinghiale:<\/strong> \u20ac 100<\/li>\n<li>per o<strong>gni ulteriore specie:<\/strong> <strong>capriolo<\/strong> \u20ac 50, <strong>daino<\/strong> \u20ac 50, <strong>cervo<\/strong> \u20ac 50<\/li>\n<\/ul>\n<h5>Il rimborso della quota di iscrizione sar\u00e0 effettuato nel caso in cui l&#8217;iscrizione superi il numero massimo di partecipanti previsto e non venga accettata per il corso. L&#8217;ATC provveder\u00e0 a informare tempestivamente quando sar\u00e0 raggiunto il numero limite di iscrizioni<\/h5>\n<p>I pagamenti devono essere effettuati tramite:<\/p>\n<ul>\n<li>Conto corrente postale n\u00b0 1012737530, oppure<\/li>\n<li>Bonifico IBAN: IT34 H076 0103 2000 0101 2737 530<\/li>\n<\/ul>\n<p>Intestato a: <strong><span class=\"atcrm1\">Ambito Territoriale di Caccia Roma 1<\/span><\/strong><\/p>\n<p>Causale: \u201cCorso selecontrollore ungulati 2025\u201d<\/p>\n<p>In allegato:<\/p>\n<p><a href=\"https:\/\/demo.idra.it\/atcrm1\/wp-content\/uploads\/2024\/10\/modulo-ammissione-corso-selecontrollori-ungulati-sessione-2025.pdf\">Modulo di manifestazione di interesse (pdf)<\/a><\/p>\n<p><a href=\"https:\/\/demo.idra.it\/atcrm1\/wp-content\/uploads\/2024\/10\/modulo-ammissione-corso-selecontrollori-ungulati-sessione-2025.docx\">Modulo di manifestazione di interesse (doc)<\/a><\/p>\n<hr \/>\n<h3>Manifestazione di interesse per il corso per conduttore di cane limiere da impiegarsi nella girata per il prelievo venatorio e il controllo del cinghiale SESSIONE 2024<\/h3>\n<p>L\u2019<span class=\"atcrm1\">ATC Rm1<\/span> intende organizzare un corso di abilitazione per conduttori cani limiere che si terr\u00e0 il 6 e 7 luglio 2024 (fatto salvo che la data di inizio potrebbe variare per motivi al momento non prevedibili).<\/p>\n<ul>\n<li>le manifestazioni di interesse compilate in tutti i suoi campi devono pervenire all\u2019ATC a mezzo e-mail (info@atcrm1.it) entro il giorno 3 luglio 2024<strong>;<\/strong><\/li>\n<li>nel caso si dovesse contingentare il numero di partecipanti, verr\u00e0 data priorit\u00e0 agli iscritti all\u2019<span class=\"atcrm1\">ATC Rm1<\/span> e comunque il corso verr\u00e0 svolto al raggiungimento di almeno 20 partecipanti;<\/li>\n<li>la frequentazione del corso si svolger\u00e0 in presenza presso la \u201cZAC Torre Baccelli\u201d dove verr\u00e0 svolta anche la dimostrazione pratica in campo;<\/li>\n<li>il costo di partecipazione \u00e8 stabilito in euro 100,00 a mezzo c\/c postale n. 1012737530 o bonifico <span style=\"font-family: tahoma, arial, helvetica, sans-serif;\">IBAN: IT34 H076 0103 2000 0101 2737 530 causale &#8220;corso conduttore cane limiere 2024 atcrm1&#8221;<\/span>.<\/li>\n<\/ul>\n<p>SCARICA LA DOCUMENTAZIONE:<\/p>\n<ol>\n<li><a href=\"https:\/\/demo.idra.it\/atcrm1\/wp-content\/uploads\/2024\/06\/PROGRAMMA-ATC-Rm1-CORSO-CONDUTTORE-CANI-LIMIERE-1.pdf\">PROGRAMMA (PDF)<\/a><\/li>\n<li><a href=\"https:\/\/demo.idra.it\/atcrm1\/wp-content\/uploads\/2024\/06\/manifestazione-interesse-corso-conduttore-cane-limiere-atc-rm1-2.docx\">MANIFESTAZIONE DI INTERESSE (formato doc)<\/a><\/li>\n<\/ol>\n<hr \/>\n<h3>corso fad PSA destinato ai cacciatori ed ai bioregolatori. (31 ottobre 2023) (<a href=\"https:\/\/demo.idra.it\/atcrm1\/2023\/10\/31\/corso-fad-psa\/\">clicca qui<\/a>)<\/h3>\n<hr \/>\n<h3>Corso di abilitazione per selecontrollori (art. 34-35 lr 17\/95) della specie capriolo e daino &#8211; sessione 2023<\/h3>\n<p>L\u2019<span class=\"atcrm1\">ATC Rm1<\/span> organizza in collaborazione con l\u2019ENAPRA (Ente accreditato alla Regione Lazio) un corso di abilitazione per <strong>aspiranti cacciatori di selezione specie capriolo e daino<\/strong> che si terr\u00e0 nei giorni <span style=\"background-color: #ffff99;\"><strong>29 e 30 luglio 2023<\/strong><\/span>. Il corso si terr\u00e0 a <span style=\"background-color: #ffff99;\">Cerveteri presso la Tenuta Monte La Guardia Agriturismo \u2013 Localit\u00e0 Monte La Guardia, snc.<\/span><\/p>\n<p><strong>Il corso \u00e8 rivolto esclusivamente a coloro che hanno gi\u00e0 conseguito l\u2019abilitazione alla caccia di selezione specie cinghiale. <\/strong><\/p>\n<p>La partecipazione al corso \u00e8 riservata alle prime\u00a0<strong>45<\/strong>\u00a0richieste di ammissione, pervenute complete dell\u2019attestazione del pagamento nei termini previsti con priorit\u00e0 a chi \u00e8 iscritto all\u2019<span class=\"atcrm1\">ATC Rm1<\/span> per la stagione 2023\/24 (si dovr\u00e0 allegare copia dell\u2019attestazione della quota di iscrizione all\u2019ATC).<\/p>\n<p>Le domande di partecipazione, compilate e complete di tutte le informazioni richieste <u>compreso l\u2019attestazione di pagamento del corso<\/u>, devono pervenire all\u2019ATC a mezzo e-mail (info@atcrm1.it) entro il giorno\u00a0<strong>17 luglio 2023<\/strong><strong>. Le domande che non sono corredate della copia del versamento non saranno prese in considerazione.<\/strong><\/p>\n<p>Il costo di partecipazione \u00e8 fissato in <strong>\u20ac 100,00<\/strong> da versare sul:<\/p>\n<p>c.c.p. n\u00b0\u00a0<strong>1012737530<\/strong> oppure bonifico IBAN: <strong>IT34 H076 0103 2000 0101 2737 530<\/strong><\/p>\n<p>intestato ad <span class=\"atcrm1\">Ambito Territoriale di Caccia Roma 1<\/span>, indicando nella causale \u201c<em>Corso selecontrollore capriolo e daino 2023<\/em>\u201d.<\/p>\n<p>Per chi volesse usufruire dei servizi dell\u2019agriturismo di pernottamento e pranzo\/cena, si informa che \u00e8 possibile prenotare contattando l\u2019agriturismo (Rec. Tel. 349 8750083, si allega l\u2019offerta dell\u2019agriturismo). <strong>Si sottolinea che tale servizio non \u00e8 obbligatorio ed i costi sono a proprio carico e quindi non sono ricompresi nella quota di partecipazione al corso di \u20ac 100,00.<\/strong><\/p>\n<p><strong>\u00a0<\/strong>Si allegano:<\/p>\n<ol>\n<li>PROGRAMMA DEL CORSO (<a href=\"https:\/\/demo.idra.it\/atcrm1\/wp-content\/uploads\/2023\/07\/PROGRAMMA-CORSO-SELEZIONE-CAPRIOLO-E-DAINO-ATC-RM1_2023.pdf\">PDF<\/a>)<\/li>\n<li>MODULO DI PARTECIPAZIONE <a href=\"https:\/\/demo.idra.it\/atcrm1\/wp-content\/uploads\/2023\/07\/modulo-ammissione-corso-selecontrollori-capriolo-e-daino-_atc-rm1_2023.docx\">(DOC)<\/a> &#8211; (<a href=\"https:\/\/demo.idra.it\/atcrm1\/wp-content\/uploads\/2023\/07\/modulo-ammissione-corso-selecontrollori-capriolo-e-daino-_atc-rm1_2023-1.pdf\">PDF<\/a>)<\/li>\n<li>OFFERTA AGRITURISMO (<a href=\"https:\/\/demo.idra.it\/atcrm1\/wp-content\/uploads\/2023\/07\/Preventivo-tenuta-monte-la-guardia_agriturismo.pdf\">PDF<\/a>)<\/li>\n<\/ol>\n<hr \/>\n<h3>Manifestazione di interesse per il corso per conduttore di cane limiere da impiegarsi nella girata per il prelievo venatorio e il controllo del cinghiale SESSIONE 2022<\/h3>\n<p>L\u2019<span class=\"atcrm1\">ATC Rm1<\/span> intende organizzare in collaborazione con l\u2019ENAPRA (Ente accreditato alla Regione Lazio) un corso di abilitazione per conduttori cani limiere che si terr\u00e0 a partire dal 2 settembre 2022 (fatto salvo che la data di inizio potrebbe variare per motivi al momento non prevedibili).<\/p>\n<ul>\n<li>le manifestazioni di interesse compilate in tutti i suoi campi devono pervenire all\u2019ATC a mezzo e-mail (info@atcrm1.it) entro il giorno\u00a0<strong>20 agosto<\/strong> <strong>2022;<\/strong><\/li>\n<li>nel caso si dovesse contingentare il numero di partecipanti, verr\u00e0 data priorit\u00e0 agli scritti all\u2019<span class=\"atcrm1\">ATC Rm1<\/span><\/li>\n<li>la frequentazione del corso si svolger\u00e0 in presenza presso la \u201cZAC Torre Baccelli\u201d dove verr\u00e0 svolta anche la dimostrazione pratica in campo;<\/li>\n<li>il costo di partecipazione sar\u00e0 stabilito in base al numero delle manifestazioni di interesse pervenute.<\/li>\n<\/ul>\n<p>SCARICA LA DOCUMENTAZIONE:<\/p>\n<ol>\n<li><a href=\"https:\/\/demo.idra.it\/atcrm1\/wp-content\/uploads\/2022\/08\/Programma-CORSO-PER-CONDUTTORE-DI-CANE-GIRATA-rm1-1.pdf\">PROGRAMMA (PDF)<\/a><\/li>\n<li><a href=\"https:\/\/demo.idra.it\/atcrm1\/wp-content\/uploads\/2022\/08\/manifestazione-interesse-corso-conduttore-cane-limiere-atc-rm1.docx\">MANIFESTAZIONE DI INTERESSE (formato doc)<\/a><\/li>\n<\/ol>\n<hr \/>\n<h3>Corso di abilitazione per selecontrollori (art. 34-35 lr 17\/95) della specie cinghiale \u2013 sessione 2022<\/h3>\n<p>L\u2019<span class=\"atcrm1\">ATC Rm1<\/span> organizza in collaborazione con l\u2019ENAPRA (Ente accreditato alla Regione Lazio) un corso di abilitazione per aspiranti cacciatori si selezione degli ungulati (specie cinghiale) che si terr\u00e0 a partire dal 15 febbraio 2022 (fatto salvo che la data di inizio potrebbe variare per motivi al momento non prevedibili).<\/p>\n<ul>\n<li>le domande di partecipazione, compilate e complete di tutte le informazioni richieste, devono pervenire all\u2019ATC a mezzo e-mail (info@atcrm1.it) entro il giorno\u00a0<strong>9 febbraio 2022<\/strong><\/li>\n<li>la partecipazione al corso \u00e8 riservata alle prime\u00a0<strong>50<\/strong>\u00a0richieste di ammissione, pervenute nei termini previsti (con priorit\u00e0 a chi \u00e8 iscritto all\u2019<span class=\"atcrm1\">ATC Rm1<\/span>)<\/li>\n<li>la frequentazione del corso si svolger\u00e0 collegandosi da remoto attraverso l\u2019accesso ad una piattaforma informatica messa a disposizione dall\u2019ENTE Accreditato ENAPRA (ADOBE CONNECT), con esclusione delle attivit\u00e0 pratiche ed esame finale che saranno in presenza<\/li>\n<li>le ore frequentate e la presenza a distanza (on line) sar\u00e0 certificata attraverso la piattaforma di videoconferenza on line messa a disposizione dall\u2019ENAPRA<\/li>\n<li>il costo di partecipazione \u00e8 fissato in \u20ac 100,00 da versare sul ccp n\u00b0\u00a0<strong>1012737530<\/strong>\u00a0oppure IBAN:<strong>IT34 H076 0103 2000 0101 2737 530<\/strong>\u00a0intestato ad Ambito Territoriale di Caccia RM1 A.T.C., indicando nella causale \u201cCorso selecontrollore cinghiale-2022\u201d e rimangono a proprio carico (quindi non ricomprese nella quota di partecipazione) le spese derivanti dalla prova di tiro presso un poligono autorizzato<\/li>\n<li>la certificazione della rosata rilasciata dal direttore di tiro del poligono dovr\u00e0 essere presentata alla commissione il giorno dell\u2019esame<\/li>\n<li>per la partecipazione alle esercitazioni pratiche (compreso in poligono) e per effettuare l&#8217;esame finale, si dovr\u00e0 essere in possesso del Green Pass (Covid 19)<\/li>\n<\/ul>\n<p>SCARICA IL:<\/p>\n<ol>\n<li>PROGRAMMA (<a href=\"https:\/\/demo.idra.it\/atcrm1\/wp-content\/uploads\/2022\/02\/Programma-didattico-corso-selecontrollori-cinghiale_atc-roma-1_n.-1_2022.pdf\">pdf<\/a>)<\/li>\n<li>MODULO DI PARTECIPAZIONE (<a href=\"https:\/\/demo.idra.it\/atcrm1\/wp-content\/uploads\/2022\/02\/modulo-ammissione-corso-selecontrollori-cinghiale-_atc-rm1_n.1_2022.pdf\">pdf<\/a>)<\/li>\n<\/ol>\n<p>&nbsp;<\/p>\n<h3>CORSO DI MONITORATORE DELLA BECCACCIA<\/h3>\n<p><span style=\"font-family: verdana, geneva, sans-serif; font-size: 12pt;\">L\u2019<span class=\"atcrm1\">Ambito Territoriale di Caccia Roma 1<\/span>, con il coordinamento scientifico dell\u2019Osservatorio per lo studio e la gestione delle risorse faunistiche, struttura del DAFNE \u2013 Universit\u00e0 degli Studi della Tuscia, organizza il\u00a0Corso di formazione per l\u2019abilitazione al monitoraggio della specie beccaccia (Scolopax rusticola), che si terr\u00e0 a Roma presso la sede dell\u2019<span class=\"atcrm1\">ATC Rm1<\/span> di\u00a0<span style=\"text-decoration: underline;\">Viale Ratto delle Sabine 45<\/span>\u00a0in Roma a partire dal giorno 12 dicembre secondo il calendario di seguito riportato.\u00a0<span style=\"color: #666666; text-align: center;\">I<span style=\"color: #000000;\">l corso, della durata di 20 ore, \u00e8 rivolto ai cacciatori ed ai cinofili proprietari di cani da ferma iscritti all\u2019<\/span><\/span><span style=\"color: #000000;\">ENCI<\/span><span style=\"text-align: center;\"><span style=\"color: #000000;\">, con un massimo di 50 partecipanti<\/span>.\u00a0<\/span>\u00c8 prevista una prova di esame finale (30 domande a risposta multipla ed un colloquio orale) volta al rilascio dell\u2019abilitazione al monitoraggio e che verter\u00e0 sugli argomenti trattati nel corso.\u00a0Il corso\u00a0avr\u00e0 come responsabile scientifico il Prof. Andrea Amici, come Coordinatore didattico il Dott. Fioravante Serrani.\u00a0L\u2019iniziativa si svolge con il parere favorevole dell\u2019Ispra\u00a0ed \u00e8 conforme al Protocollo Operativo per il monitoraggio della Beccaccia nelle aree di svernamento mediante cane da ferma.<\/span><\/p>\n<p><span style=\"font-family: verdana, geneva, sans-serif; font-size: 12pt;\">Si ricorda che per poter svolgere il monitoraggio della beccaccia si dovr\u00e0 abilitare anche i propri cani \u201c<strong>iscritti ENCI<\/strong>\u201d. A tal proposito, l\u2019<span class=\"atcrm1\">ATC Rm1<\/span> si riserva di indicare successivamente date e costi sulle modalit\u00e0 di abilitazione dei cani.<\/span><\/p>\n<p><span style=\"font-family: verdana, geneva, sans-serif; font-size: 12pt;\">Tutti gli interessati al corso potranno presentare domanda di iscrizione tramite posta elettronica all\u2019indirizzo\u00a0info@atcrm1.it, fax 06\/41290266, e\/o a mano presso la sede dell&#8217;ATC compilando e\/o inviando il modulo di adesione fino ad esaurimento dei 50 posti disponibili, e comunque\u00a0<strong>entro e non oltre il giorno 7 dicembre 2017.\u00a0<\/strong>Eventuali iscrizioni eccedenti saranno tenute in considerazione per ulteriori corsi.<strong><br \/>\n<\/strong><\/span><\/p>\n<p><span style=\"font-family: verdana, geneva, sans-serif; font-size: 12pt;\">Il costo di partecipazione per gli aspiranti monitoratori \u00e8 fissato in \u20ac 30,00 (trenta\/00), da versare sul ccp n\u00b0 1012737530 intestato ad AMBITO TERRITORIALE DI CACCIA RM1 specificando nella causale \u201cCorso per Monitoratore Beccaccia ATCRM1\u2033. La ricevuta dovr\u00e0 essere consegnata il primo giorno di lezione<\/span><\/p>\n<ul>\n<li><a style=\"font-size: 12.16px;\" href=\"images\/Corso%20monitoratore%20beccacce%20atcrm1_programma%20e%20modulo.pdf\" target=\"_blank\" rel=\"noopener noreferrer\">PROGRAMMA (PDF)<\/a><\/li>\n<li><a style=\"font-size: 12.16px;\" href=\"images\/Corso%20monitoratore%20beccacce%20atcrm1%20modulo.doc\" target=\"_blank\" rel=\"noopener noreferrer\">MODULO DI PARTECIPAZIONE (DOC)<\/a><\/li>\n<\/ul>\n<h3>Corso per conduttori cani limiere: orari e lezioni<\/h3>\n<p><span style=\"font-family: verdana, geneva, sans-serif; font-size: 12pt;\">Per coloro che hanno inviato la propria manifestazione di interesse per il corso di Conduttore cani Limiere,\u00a0 si comunicano gli orari ed i giorni di lezione previste:\u00a0<\/span><span style=\"font-family: verdana, geneva, sans-serif; font-size: 12pt;\">\u00a0<strong>11-12-13 Agosto 2017 <\/strong><\/span><\/p>\n<p align=\"center\"><span style=\"font-family: verdana, geneva, sans-serif; font-size: 12pt;\">\u00a0<strong>c\/o Sede A.T.C.RM1 in\u00a0 Viale Ratto delle Sabine 45<\/strong><\/span><\/p>\n<div align=\"center\">\n<table border=\"1\" cellspacing=\"0\" cellpadding=\"0\">\n<tbody>\n<tr>\n<td valign=\"top\" width=\"183\"><strong><em>Data<\/em><\/strong><\/td>\n<td valign=\"top\" width=\"239\"><strong><em>Lezione &#8211; Docente<\/em><\/strong><\/td>\n<td valign=\"top\" width=\"57\"><strong><em>ore<\/em><\/strong><\/td>\n<\/tr>\n<tr>\n<td valign=\"top\" width=\"183\">Venerd\u00ec, 11 agosto<\/p>\n<p>Orario 17.30 &#8211; 21.00<\/td>\n<td valign=\"top\" width=\"239\">Lezione <strong>A<\/strong> \u2013 F. Serrani<\/td>\n<td valign=\"top\" width=\"57\">\n<p align=\"center\">3.5<\/p>\n<\/td>\n<\/tr>\n<tr>\n<td valign=\"top\" width=\"183\">Sabato,12 agosto<\/p>\n<p>Orario 8.00\u00a0 &#8211; 11.00<\/td>\n<td valign=\"top\" width=\"239\">Lezione <strong>B<\/strong> \u2013 Giudice ENCI<\/td>\n<td valign=\"top\" width=\"57\">\n<p align=\"center\">3<\/p>\n<\/td>\n<\/tr>\n<tr>\n<td valign=\"top\" width=\"183\">Sabato, 12 agosto<\/p>\n<p>Orario 11.00 &#8211; 13.00<\/td>\n<td valign=\"top\" width=\"239\">Lezione <strong>C<\/strong> \u2013 Giudice ENCI<\/td>\n<td valign=\"top\" width=\"57\">\n<p align=\"center\">2<\/p>\n<\/td>\n<\/tr>\n<tr>\n<td valign=\"top\" width=\"183\">Sabato , 12 agosto<\/p>\n<p>Orario 14.00 \u2013 18.30<\/td>\n<td valign=\"top\" width=\"239\">Lezione <strong>C<\/strong> e <strong>D<\/strong> \u2013 Giudice ENCI<\/td>\n<td valign=\"top\" width=\"57\">\n<p align=\"center\">4.5<\/p>\n<\/td>\n<\/tr>\n<tr>\n<td valign=\"top\" width=\"183\">Domenica, 13 agosto<\/p>\n<p>Orario 7.00 &#8211; 12.00<\/td>\n<td valign=\"top\" width=\"239\">Lezione <strong>E<\/strong> e <strong>F<\/strong> \u00ad\u2013 Giudice ENCI<\/td>\n<td valign=\"top\" width=\"57\">\n<p align=\"center\">5<\/p>\n<\/td>\n<\/tr>\n<tr>\n<td valign=\"top\" width=\"183\">Domenica 13 agosto<\/p>\n<p>orario 13.00 &#8211; 15.00<\/td>\n<td valign=\"top\" width=\"239\">Lezione <strong>F<\/strong> \u2013 Giudice ENCI<\/td>\n<td valign=\"top\" width=\"57\">\n<p align=\"center\">2<\/p>\n<\/td>\n<\/tr>\n<tr>\n<td colspan=\"2\" valign=\"top\" width=\"183\">\u00a0Totale ore di lezione<\/td>\n<td valign=\"top\" width=\"57\">20<\/td>\n<\/tr>\n<\/tbody>\n<\/table>\n<\/div>\n<p align=\"center\"><strong>01-02-03 Settembre 2017 <\/strong><\/p>\n<p align=\"center\">\u00a0<strong>c\/o Comune di Cerveteri<\/strong><\/p>\n<div align=\"center\">\n<table border=\"1\" cellspacing=\"0\" cellpadding=\"0\">\n<tbody>\n<tr>\n<td valign=\"top\" width=\"183\"><strong><em>Data<\/em><\/strong><\/td>\n<td valign=\"top\" width=\"239\"><strong><em>Lezione &#8211; Docente<\/em><\/strong><\/td>\n<td valign=\"top\" width=\"57\"><strong><em>ore<\/em><\/strong><\/td>\n<\/tr>\n<tr>\n<td valign=\"top\" width=\"183\">Venerd\u00ec, 1settembre<\/p>\n<p>Orario 17.30 &#8211; 21.00<\/td>\n<td valign=\"top\" width=\"239\">Lezione <strong>A<\/strong> \u2013 F. Serrani<\/td>\n<td valign=\"top\" width=\"57\">\n<p align=\"center\">3.5<\/p>\n<\/td>\n<\/tr>\n<tr>\n<td valign=\"top\" width=\"183\">Sabato, 2 settembre<\/p>\n<p>Orario 8.00\u00a0 &#8211; 11.00<\/td>\n<td valign=\"top\" width=\"239\">Lezione <strong>B<\/strong> \u2013 Giudice ENCI<\/td>\n<td valign=\"top\" width=\"57\">\n<p align=\"center\">3<\/p>\n<\/td>\n<\/tr>\n<tr>\n<td valign=\"top\" width=\"183\">Sabato, 2 settembre<\/p>\n<p>Orario 11.00 &#8211; 13.00<\/td>\n<td valign=\"top\" width=\"239\">Lezione <strong>C<\/strong> \u2013 Giudice ENCI<\/td>\n<td valign=\"top\" width=\"57\">\n<p align=\"center\">2<\/p>\n<\/td>\n<\/tr>\n<tr>\n<td valign=\"top\" width=\"183\">Sabato , 2 settembre<\/p>\n<p>Orario 14.00 \u2013 18.30<\/td>\n<td valign=\"top\" width=\"239\">Lezione <strong>C<\/strong> e <strong>D<\/strong> \u2013 Giudice ENCI<\/td>\n<td valign=\"top\" width=\"57\">\n<p align=\"center\">4.5<\/p>\n<\/td>\n<\/tr>\n<tr>\n<td valign=\"top\" width=\"183\">Domenica, 3 settembre<\/p>\n<p>Orario 7.00 &#8211; 12.00<\/td>\n<td valign=\"top\" width=\"239\">Lezione <strong>E<\/strong> e <strong>F<\/strong> \u00ad\u2013 Giudice ENCI<\/td>\n<td valign=\"top\" width=\"57\">\n<p align=\"center\">5<\/p>\n<\/td>\n<\/tr>\n<tr>\n<td valign=\"top\" width=\"183\">Domenica, 3 settembre<\/p>\n<p>orario 13.00 &#8211; 15.00<\/td>\n<td valign=\"top\" width=\"239\">Lezione <strong>F<\/strong> \u2013 Giudice ENCI<\/td>\n<td valign=\"top\" width=\"57\">\n<p align=\"center\">2<\/p>\n<\/td>\n<\/tr>\n<tr>\n<td valign=\"top\" width=\"183\"><strong>\u00a0<\/strong><\/td>\n<td valign=\"top\" width=\"239\"><strong>Totale ore di lezione<\/strong><\/td>\n<td valign=\"top\" width=\"57\"><strong>20<\/strong><\/td>\n<\/tr>\n<\/tbody>\n<\/table>\n<\/div>\n<p><strong>\u00a0<\/strong><\/p>\n<h3>CORSI PER\u00a0SELECONTROLLORI\u00a0SPECIE CINGHIALE &#8211; ESAMI<\/h3>\n<p><span style=\"font-family: verdana, geneva, sans-serif; font-size: 12pt;\">Per ogni corso le sessioni di esame si svolgeranno in due giornate, a partire dalle ore 14. Nello stesso giorno si effettueranno sia gli scritti che gli orali.<\/span><strong><br \/>\n<\/strong><\/p>\n<table border=\"1\">\n<tbody>\n<tr>\n<td><strong>corso<\/strong><\/td>\n<td><strong>date<\/strong><\/td>\n<td><strong>orario<\/strong><\/td>\n<td><strong>sede<\/strong><\/td>\n<\/tr>\n<tr>\n<td>Cerveteri<\/td>\n<td>8 e 9 giugno<\/td>\n<td>dalle ore 14.00<\/td>\n<td>largo Boccetta n\u00b03\/4<\/td>\n<\/tr>\n<tr>\n<td>Roma<\/td>\n<td>15 e 16 giugno<\/td>\n<td>dalle ore 14.00<\/td>\n<td>sede atc (viale ratto delle sabine\u00a0 45)<\/td>\n<\/tr>\n<tr>\n<td>Tolfa<\/td>\n<td>20 e 22 giugno<\/td>\n<td>dalle ore 14.00<\/td>\n<td>aula consiliare comunale<\/td>\n<\/tr>\n<tr>\n<td>Sant&#8217;Oreste<\/td>\n<td>27 e 28 giugno<\/td>\n<td>dalle ore 14.00<\/td>\n<td>aula Fregosi del comune di Sant&#8217;Oreste<\/td>\n<\/tr>\n<\/tbody>\n<\/table>\n<p><strong>\u00a0<\/strong><\/p>\n","protected":false},"excerpt":{"rendered":"<p>Corso di Abilitazione per Selecontrollori specie ungulati (Art. 34-35 L.R. 17\/95, DGR 460\/2018) &#8211; Sessione 2025 L\u2019ATC Rm1, in collaborazione con l\u2019ENAPRA (Ente accreditato presso la Regione Lazio), organizza un corso di abilitazione per aspiranti cacciatori di selezione delle seguenti specie: cinghiale, capriolo, cervo e daino. Il corso si svolger\u00e0 in modalit\u00e0 Didattica a Distanza&hellip;&nbsp;<a href=\"https:\/\/idratools.org\/atcrm1\/corsi\/\" rel=\"bookmark\"><span class=\"screen-reader-text\">Corsi<\/span><\/a><\/p>\n","protected":false},"author":2,"featured_media":4839,"parent":0,"menu_order":0,"comment_status":"closed","ping_status":"closed","template":"","meta":{"neve_meta_sidebar":"","neve_meta_container":"","neve_meta_enable_content_width":"off","neve_meta_content_width":100,"neve_meta_title_alignment":"","neve_meta_author_avatar":"","neve_post_elements_order":"","neve_meta_disable_header":"","neve_meta_disable_footer":"","neve_meta_disable_title":"","_themeisle_gutenberg_block_has_review":false,"footnotes":""},"categories":[],"tags":[],"class_list":["post-235","page","type-page","status-publish","has-post-thumbnail","hentry"],"_links":{"self":[{"href":"https:\/\/idratools.org\/atcrm1\/wp-json\/wp\/v2\/pages\/235","targetHints":{"allow":["GET"]}}],"collection":[{"href":"https:\/\/idratools.org\/atcrm1\/wp-json\/wp\/v2\/pages"}],"about":[{"href":"https:\/\/idratools.org\/atcrm1\/wp-json\/wp\/v2\/types\/page"}],"author":[{"embeddable":true,"href":"https:\/\/idratools.org\/atcrm1\/wp-json\/wp\/v2\/users\/2"}],"replies":[{"embeddable":true,"href":"https:\/\/idratools.org\/atcrm1\/wp-json\/wp\/v2\/comments?post=235"}],"version-history":[{"count":35,"href":"https:\/\/idratools.org\/atcrm1\/wp-json\/wp\/v2\/pages\/235\/revisions"}],"predecessor-version":[{"id":4471,"href":"https:\/\/idratools.org\/atcrm1\/wp-json\/wp\/v2\/pages\/235\/revisions\/4471"}],"wp:featuredmedia":[{"embeddable":true,"href":"https:\/\/idratools.org\/atcrm1\/wp-json\/wp\/v2\/media\/4839"}],"wp:attachment":[{"href":"https:\/\/idratools.org\/atcrm1\/wp-json\/wp\/v2\/media?parent=235"}],"wp:term":[{"taxonomy":"category","embeddable":true,"href":"https:\/\/idratools.org\/atcrm1\/wp-json\/wp\/v2\/categories?post=235"},{"taxonomy":"post_tag","embeddable":true,"href":"https:\/\/idratools.org\/atcrm1\/wp-json\/wp\/v2\/tags?post=235"}],"curies":[{"name":"wp","href":"https:\/\/api.w.org\/{rel}","templated":true}]}}